{"id":17621,"date":"2022-09-06T18:02:59","date_gmt":"2022-09-06T16:02:59","guid":{"rendered":"https:\/\/www.wezen.com\/?page_id=17621"},"modified":"2023-05-31T10:30:32","modified_gmt":"2023-05-31T08:30:32","slug":"groupe-hygiene","status":"publish","type":"page","link":"https:\/\/www.wezen.com\/fr\/groupe-hygiene\/","title":{"rendered":"Groupe dans le secteur de l&#8217;hygi\u00e8ne"},"content":{"rendered":"\t\t<div data-elementor-type=\"wp-post\" data-elementor-id=\"17621\" class=\"elementor elementor-17621 elementor-17596\" data-elementor-post-type=\"page\">\n\t\t\t\t\t\t\t\t\t<section class=\"elementor-section elementor-top-section elementor-element elementor-element-54d52604 elementor-section-stretched elementor-section-full_width elementor-section-height-default elementor-section-height-default\" data-id=\"54d52604\" data-element_type=\"section\" data-settings=\"{&quot;stretch_section&quot;:&quot;section-stretched&quot;,&quot;background_background&quot;:&quot;classic&quot;,&quot;shape_divider_bottom&quot;:&quot;tilt&quot;}\">\n\t\t\t\t\t\t\t<div class=\"elementor-background-overlay\"><\/div>\n\t\t\t\t\t\t<div class=\"elementor-shape elementor-shape-bottom\" data-negative=\"false\">\n\t\t\t<svg xmlns=\"http:\/\/www.w3.org\/2000\/svg\" viewBox=\"0 0 1000 100\" preserveAspectRatio=\"none\">\n\t<path class=\"elementor-shape-fill\" d=\"M0,6V0h1000v100L0,6z\"\/>\n<\/svg>\t\t<\/div>\n\t\t\t\t\t<div class=\"elementor-container elementor-column-gap-default\">\n\t\t\t\t\t<div class=\"elementor-column elementor-col-100 elementor-top-column elementor-element elementor-element-1d355587\" data-id=\"1d355587\" data-element_type=\"column\" data-settings=\"{&quot;background_background&quot;:&quot;classic&quot;}\">\n\t\t\t<div class=\"elementor-widget-wrap elementor-element-populated\">\n\t\t\t\t\t\t\t\t<section class=\"elementor-section elementor-inner-section elementor-element elementor-element-d121ca3 elementor-section-boxed elementor-section-height-default elementor-section-height-default\" data-id=\"d121ca3\" data-element_type=\"section\">\n\t\t\t\t\t\t<div class=\"elementor-container elementor-column-gap-default\">\n\t\t\t\t\t<div class=\"elementor-column elementor-col-100 elementor-inner-column elementor-element elementor-element-9b242ec\" data-id=\"9b242ec\" data-element_type=\"column\">\n\t\t\t<div class=\"elementor-widget-wrap elementor-element-populated\">\n\t\t\t\t\t\t\t\t<div class=\"elementor-element elementor-element-72e128b elementor-invisible elementor-widget elementor-widget-heading\" data-id=\"72e128b\" data-element_type=\"widget\" data-settings=\"{&quot;_animation&quot;:&quot;fadeIn&quot;,&quot;_animation_delay&quot;:600}\" data-widget_type=\"heading.default\">\n\t\t\t\t<div class=\"elementor-widget-container\">\n\t\t\t<h2 class=\"elementor-heading-title elementor-size-large\">Comment une marque reconnue mondialement a r\u00e9ussi \u00e0 mobiliser des audiences locales sur 69 march\u00e9s \u00e0 travers le monde<\/h2>\t\t<\/div>\n\t\t\t\t<\/div>\n\t\t\t\t\t<\/div>\n\t\t<\/div>\n\t\t\t\t\t\t\t<\/div>\n\t\t<\/section>\n\t\t\t\t\t<\/div>\n\t\t<\/div>\n\t\t\t\t\t\t\t<\/div>\n\t\t<\/section>\n\t\t\t\t<section class=\"elementor-section elementor-top-section elementor-element elementor-element-3cb3f08 elementor-section-boxed elementor-section-height-default elementor-section-height-default\" data-id=\"3cb3f08\" data-element_type=\"section\">\n\t\t\t\t\t\t<div class=\"elementor-container elementor-column-gap-default\">\n\t\t\t\t\t<div class=\"elementor-column elementor-col-100 elementor-top-column elementor-element elementor-element-0f3b54d\" data-id=\"0f3b54d\" data-element_type=\"column\">\n\t\t\t<div class=\"elementor-widget-wrap elementor-element-populated\">\n\t\t\t\t\t\t\t\t<section class=\"elementor-section elementor-inner-section elementor-element elementor-element-6e112c7 elementor-section-boxed elementor-section-height-default elementor-section-height-default\" data-id=\"6e112c7\" data-element_type=\"section\">\n\t\t\t\t\t\t<div class=\"elementor-container elementor-column-gap-default\">\n\t\t\t\t\t<div class=\"elementor-column elementor-col-50 elementor-inner-column elementor-element elementor-element-3c64321\" data-id=\"3c64321\" data-element_type=\"column\">\n\t\t\t<div class=\"elementor-widget-wrap elementor-element-populated\">\n\t\t\t\t\t\t\t\t<div class=\"elementor-element elementor-element-9989fbc elementor--h-position-center elementor--v-position-middle elementor-arrows-position-inside elementor-pagination-position-inside elementor-widget elementor-widget-slides\" data-id=\"9989fbc\" data-element_type=\"widget\" data-settings=\"{&quot;navigation&quot;:&quot;both&quot;,&quot;autoplay&quot;:&quot;yes&quot;,&quot;pause_on_hover&quot;:&quot;yes&quot;,&quot;pause_on_interaction&quot;:&quot;yes&quot;,&quot;autoplay_speed&quot;:5000,&quot;infinite&quot;:&quot;yes&quot;,&quot;transition&quot;:&quot;slide&quot;,&quot;transition_speed&quot;:500}\" data-widget_type=\"slides.default\">\n\t\t\t\t<div class=\"elementor-widget-container\">\n\t\t\t\t\t<div class=\"elementor-swiper\">\n\t\t\t<div class=\"elementor-slides-wrapper elementor-main-swiper swiper-container\" dir=\"ltr\" data-animation=\"fadeInUp\">\n\t\t\t\t<div class=\"swiper-wrapper elementor-slides\">\n\t\t\t\t\t\t\t\t\t\t<div class=\"elementor-repeater-item-048a205 swiper-slide\"><div class=\"swiper-slide-bg\" role=\"img\"><\/div><div class=\"swiper-slide-inner\" ><div class=\"swiper-slide-contents\"><div class=\"elementor-slide-heading\">2 millions de mots traduits en un an<\/div><\/div><\/div><\/div><div class=\"elementor-repeater-item-1aafd49 swiper-slide\"><div class=\"swiper-slide-bg\" role=\"img\"><\/div><div class=\"swiper-slide-inner\" ><div class=\"swiper-slide-contents\"><div class=\"elementor-slide-heading\">L'un des principaux groupes sp\u00e9cialis\u00e9 en hygi\u00e8ne au monde<\/div><\/div><\/div><\/div>\t\t\t\t<\/div>\n\t\t\t\t\t\t\t\t\t\t\t\t\t\t\t<div class=\"swiper-pagination\"><\/div>\n\t\t\t\t\t\t\t\t\t\t\t\t\t\t\t\t<div class=\"elementor-swiper-button elementor-swiper-button-prev\" role=\"button\" tabindex=\"0\">\n\t\t\t\t\t\t\t<i aria-hidden=\"true\" class=\"eicon-chevron-left\"><\/i>\t\t\t\t\t\t\t<span class=\"elementor-screen-only\">Diapositive pr\u00e9c\u00e9dente<\/span>\n\t\t\t\t\t\t<\/div>\n\t\t\t\t\t\t<div class=\"elementor-swiper-button elementor-swiper-button-next\" role=\"button\" tabindex=\"0\">\n\t\t\t\t\t\t\t<i aria-hidden=\"true\" class=\"eicon-chevron-right\"><\/i>\t\t\t\t\t\t\t<span class=\"elementor-screen-only\">Diapositive suivante<\/span>\n\t\t\t\t\t\t<\/div>\n\t\t\t\t\t\t\t\t\t\t\t\t<\/div>\n\t\t<\/div>\n\t\t\t\t<\/div>\n\t\t\t\t<\/div>\n\t\t\t\t\t<\/div>\n\t\t<\/div>\n\t\t\t\t<div class=\"elementor-column elementor-col-50 elementor-inner-column elementor-element elementor-element-96c1738\" data-id=\"96c1738\" data-element_type=\"column\">\n\t\t\t<div class=\"elementor-widget-wrap elementor-element-populated\">\n\t\t\t\t\t\t\t\t<div class=\"elementor-element elementor-element-e9636a4 elementor-widget elementor-widget-text-editor\" data-id=\"e9636a4\" data-element_type=\"widget\" data-widget_type=\"text-editor.default\">\n\t\t\t\t<div class=\"elementor-widget-container\">\n\t\t\t\t\t\t\t<p><span style=\"letter-spacing: 0px;\">L&#8217;un des <\/span><span class=\"backcolor_22\" style=\"letter-spacing: 0px;\"><strong>des principaux groupes sp\u00e9cialis\u00e9s en hygi\u00e8ne au monde<\/strong><\/span><span style=\"letter-spacing: 0px;\">&nbsp;: Une v\u00e9ritable entreprise mondiale sp\u00e9cialis\u00e9e dans la production, la fourniture et la distribution de produits de soins personnels, m\u00e9nagers, v\u00e9t\u00e9rinaires et de sant\u00e9. Au service des consommateurs du monde entier, le groupe am\u00e9ricain rassemble plusieurs marques d&#8217;hygi\u00e8ne connues et reconnues.<\/span><\/p>\n\t\t\t\t\t\t<\/div>\n\t\t\t\t<\/div>\n\t\t\t\t<div class=\"elementor-element elementor-element-255edb3 elementor-widget elementor-widget-heading\" data-id=\"255edb3\" data-element_type=\"widget\" data-widget_type=\"heading.default\">\n\t\t\t\t<div class=\"elementor-widget-container\">\n\t\t\t<p class=\"elementor-heading-title elementor-size-default\"><strong>Marque&nbsp;:<\/strong> Groupe multimarques bas\u00e9 aux \u00c9tats-Unis\n<strong> <br> Secteur&nbsp;:<\/strong> Hygi\u00e8ne\n<strong> <br> D\u00e9fi&nbsp;:<\/strong> Augmenter le trafic organique et la visibilit\u00e9 \n<strong> <br> Technologie&nbsp;:<\/strong> Adobe Experience Manager<\/p>\t\t<\/div>\n\t\t\t\t<\/div>\n\t\t\t\t\t<\/div>\n\t\t<\/div>\n\t\t\t\t\t\t\t<\/div>\n\t\t<\/section>\n\t\t\t\t<section class=\"elementor-section elementor-inner-section elementor-element elementor-element-aabcd04 elementor-section-boxed elementor-section-height-default elementor-section-height-default\" data-id=\"aabcd04\" data-element_type=\"section\">\n\t\t\t\t\t\t<div class=\"elementor-container elementor-column-gap-default\">\n\t\t\t\t\t<div class=\"elementor-column elementor-col-50 elementor-inner-column elementor-element elementor-element-02b9b69\" data-id=\"02b9b69\" data-element_type=\"column\" data-settings=\"{&quot;background_background&quot;:&quot;classic&quot;}\">\n\t\t\t<div class=\"elementor-widget-wrap elementor-element-populated\">\n\t\t\t\t\t\t\t\t<div class=\"elementor-element elementor-element-8d75fa6 elementor-widget elementor-widget-heading\" data-id=\"8d75fa6\" data-element_type=\"widget\" data-widget_type=\"heading.default\">\n\t\t\t\t<div class=\"elementor-widget-container\">\n\t\t\t<h3 class=\"elementor-heading-title elementor-size-default\">Objectif du projet<\/h3>\t\t<\/div>\n\t\t\t\t<\/div>\n\t\t\t\t<div class=\"elementor-element elementor-element-26feadb elementor-widget elementor-widget-text-editor\" data-id=\"26feadb\" data-element_type=\"widget\" data-widget_type=\"text-editor.default\">\n\t\t\t\t<div class=\"elementor-widget-container\">\n\t\t\t\t\t\t\t<p>L&#8217;objectif principal du groupe \u00e9tait d&#8217;augmenter le <strong>trafic organique<\/strong> sur son site web principal en traduisant les articles pour mieux toucher les diff\u00e9rents march\u00e9s locaux. Le groupe avait du mal \u00e0 trouver un moyen de traiter des volumes importants de contenu \u00e0 une vitesse suffisante et n&#8217;\u00e9tait pas satisfait de la qualit\u00e9 des traductions de son prestataire de services linguistiques.<br \/>Une approche de <strong>transcr\u00e9ation<\/strong> a \u00e9t\u00e9 recommand\u00e9e pour la localisation des articles cl\u00e9s afin de fournir des traductions r\u00e9dactionnelles de meilleure qualit\u00e9. Les flux de travail ont \u00e9t\u00e9 r\u00e9organis\u00e9s afin d&#8217;optimiser le processus de transcr\u00e9ation \u00e0 l&#8217;aide de la plateforme Wezen, ce qui a permis au groupe de revoir le processus et d&#8217;embarquer toutes les diff\u00e9rentes \u00e9quipes concern\u00e9es &#8211; y compris les agences de traduction, les march\u00e9s locaux, les \u00e9quipes de r\u00e9f\u00e9rencement, etc. Il est apparu clairement qu&#8217;un connecteur <strong>Adobe Experience Manager<\/strong> serait la cl\u00e9 du succ\u00e8s de ces flux de travail.<\/p>\n\t\t\t\t\t\t<\/div>\n\t\t\t\t<\/div>\n\t\t\t\t\t<\/div>\n\t\t<\/div>\n\t\t\t\t<div class=\"elementor-column elementor-col-50 elementor-inner-column elementor-element elementor-element-d05858f\" data-id=\"d05858f\" data-element_type=\"column\" data-settings=\"{&quot;background_background&quot;:&quot;classic&quot;}\">\n\t\t\t<div class=\"elementor-widget-wrap elementor-element-populated\">\n\t\t\t\t\t\t\t\t<div class=\"elementor-element elementor-element-f1b8dda elementor-widget elementor-widget-heading\" data-id=\"f1b8dda\" data-element_type=\"widget\" data-widget_type=\"heading.default\">\n\t\t\t\t<div class=\"elementor-widget-container\">\n\t\t\t<h3 class=\"elementor-heading-title elementor-size-default\">Les r\u00e9sultats<\/h3>\t\t<\/div>\n\t\t\t\t<\/div>\n\t\t\t\t<div class=\"elementor-element elementor-element-e0dd923 elementor-widget elementor-widget-text-editor\" data-id=\"e0dd923\" data-element_type=\"widget\" data-widget_type=\"text-editor.default\">\n\t\t\t\t<div class=\"elementor-widget-container\">\n\t\t\t\t\t\t\t<p>Le groupe peut d\u00e9sormais choisir les articles \u00e0 publier pour un march\u00e9 donn\u00e9 (<strong>140<\/strong> articles par an) et les envoyer via le connecteur pour \u00eatre trait\u00e9s sur la plateforme Wezen. Dot\u00e9e d&#8217;un \u00e9diteur de contenu sp\u00e9cifique au processus de transcr\u00e9ation, l&#8217;<strong>application Translate<\/strong> permet de faire transcr\u00e9er le contenu par des linguistes travaillant sur la plateforme, apr\u00e8s quoi il est r\u00e9vis\u00e9 puis envoy\u00e9 \u00e0 une \u00e9quipe de r\u00e9f\u00e9rencement pour analyse. Les r\u00e9visions juridiques et marketing pour les march\u00e9s locaux sont \u00e9galement effectu\u00e9es directement sur la plateforme Wezen. Lorsque les traductions sont finalis\u00e9es, elles sont <strong>int\u00e9gr\u00e9es dans AEM<\/strong> et publi\u00e9es sur le site web. Au-del\u00e0 de la port\u00e9e du site web lui-m\u00eame, des traductions en Excel peuvent \u00eatre cr\u00e9\u00e9es \u00e0 l&#8217;aide de la solution Codex de Wezen, ce qui r\u00e9duit les d\u00e9lais de livraison, m\u00eame pour les contenus non AEM.<\/p>\n\t\t\t\t\t\t<\/div>\n\t\t\t\t<\/div>\n\t\t\t\t\t<\/div>\n\t\t<\/div>\n\t\t\t\t\t\t\t<\/div>\n\t\t<\/section>\n\t\t\t\t<section class=\"elementor-section elementor-inner-section elementor-element elementor-element-372b479 elementor-section-boxed elementor-section-height-default elementor-section-height-default\" data-id=\"372b479\" data-element_type=\"section\">\n\t\t\t\t\t\t<div class=\"elementor-container elementor-column-gap-default\">\n\t\t\t\t\t<div class=\"elementor-column elementor-col-100 elementor-inner-column elementor-element elementor-element-bda47f8\" data-id=\"bda47f8\" data-element_type=\"column\" data-settings=\"{&quot;background_background&quot;:&quot;classic&quot;}\">\n\t\t\t<div class=\"elementor-widget-wrap elementor-element-populated\">\n\t\t\t\t\t\t\t\t<div class=\"elementor-element elementor-element-5ba93f5 elementor-widget elementor-widget-heading\" data-id=\"5ba93f5\" data-element_type=\"widget\" data-widget_type=\"heading.default\">\n\t\t\t\t<div class=\"elementor-widget-container\">\n\t\t\t<h3 class=\"elementor-heading-title elementor-size-default\">Conclusion<\/h3>\t\t<\/div>\n\t\t\t\t<\/div>\n\t\t\t\t<div class=\"elementor-element elementor-element-63c8291 elementor-widget elementor-widget-text-editor\" data-id=\"63c8291\" data-element_type=\"widget\" data-widget_type=\"text-editor.default\">\n\t\t\t\t<div class=\"elementor-widget-container\">\n\t\t\t\t\t\t\t<p class=\"font_8\">Bien que la perspective d&#8217;int\u00e9grer les march\u00e9s locaux ait sembl\u00e9 difficile au d\u00e9part, la plateforme Wezen a connu un succ\u00e8s plus important que pr\u00e9vu en termes d&#8217;utilisation locale. L&#8217;\u00e9quipe charg\u00e9e de la r\u00e9ussite des clients a pu rassurer les utilisateurs en formant chaque \u00e9quipe et en fournissant un soutien suppl\u00e9mentaire en cas de besoin. Les filiales sont devenues plus confiantes dans l&#8217;utilisation de Wezen, ce qui a permis d&#8217;augmenter leur visibilit\u00e9. <strong><span class=\"backcolor_22\">visibilit\u00e9<\/span><\/strong>. Conscients des avantages de travailler avec le m\u00eame outil, ils nous ont remerci\u00e9s d&#8217;avoir am\u00e9lior\u00e9 l&#8217;efficacit\u00e9 des projets et d&#8217;avoir r\u00e9uni tout le monde sur la m\u00eame plateforme.<span class=\"wixGuard\"><\/span><\/p>\n<p class=\"font_8\">Un an apr\u00e8s le remaniement du processus, le site Web a enregistr\u00e9 une augmentation du trafic de <strong><span class=\"backcolor_22\"> 21 %<\/span><\/strong>.<\/p>\n<p class=\"font_8\">Depuis que le groupe a commenc\u00e9 \u00e0 travailler avec Wezen en 2019, cinq autres marques du groupe ont rejoint la plateforme.<\/p>\n\t\t\t\t\t\t<\/div>\n\t\t\t\t<\/div>\n\t\t\t\t\t<\/div>\n\t\t<\/div>\n\t\t\t\t\t\t\t<\/div>\n\t\t<\/section>\n\t\t\t\t\t<\/div>\n\t\t<\/div>\n\t\t\t\t\t\t\t<\/div>\n\t\t<\/section>\n\t\t\t\t<section class=\"elementor-section elementor-top-section elementor-element elementor-element-0e96c4d elementor-section-boxed elementor-section-height-default elementor-section-height-default\" data-id=\"0e96c4d\" data-element_type=\"section\">\n\t\t\t\t\t\t<div class=\"elementor-container elementor-column-gap-default\">\n\t\t\t\t\t<div class=\"elementor-column elementor-col-100 elementor-top-column elementor-element elementor-element-c918584\" data-id=\"c918584\" data-element_type=\"column\">\n\t\t\t<div class=\"elementor-widget-wrap elementor-element-populated\">\n\t\t\t\t\t\t\t\t<div class=\"elementor-element elementor-element-184cdc7 elementor-widget elementor-widget-spacer\" data-id=\"184cdc7\" data-element_type=\"widget\" data-widget_type=\"spacer.default\">\n\t\t\t\t<div class=\"elementor-widget-container\">\n\t\t\t\t\t<div class=\"elementor-spacer\">\n\t\t\t<div class=\"elementor-spacer-inner\"><\/div>\n\t\t<\/div>\n\t\t\t\t<\/div>\n\t\t\t\t<\/div>\n\t\t\t\t\t<\/div>\n\t\t<\/div>\n\t\t\t\t\t\t\t<\/div>\n\t\t<\/section>\n\t\t\t\t\t\t\t<\/div>\n\t\t","protected":false},"excerpt":{"rendered":"<p>Comment une marque reconnue mondialement a r\u00e9ussi \u00e0 mobiliser des audiences locales sur 69 march\u00e9s \u00e0 travers le monde 2 millions de mots traduits en un anL&#8217;un des principaux groupes sp\u00e9cialis\u00e9 en hygi\u00e8ne au monde Previous Next L&#8217;un des des principaux groupes sp\u00e9cialis\u00e9s en hygi\u00e8ne au monde&nbsp;: Une v\u00e9ritable entreprise mondiale sp\u00e9cialis\u00e9e dans la production, [&hellip;]<\/p>\n","protected":false},"author":2,"featured_media":0,"parent":0,"menu_order":0,"comment_status":"closed","ping_status":"closed","template":"elementor_header_footer","meta":{"inline_featured_image":false},"acf":[],"yoast_head":"<!-- This site is optimized with the Yoast SEO plugin v21.8.1 - https:\/\/yoast.com\/wordpress\/plugins\/seo\/ -->\n<title>Groupe dans le secteur de l&#039;hygi\u00e8ne - Wezen | Multilingual Content Management<\/title>\n<meta name=\"robots\" content=\"index, follow, max-snippet:-1, max-image-preview:large, max-video-preview:-1\" \/>\n<link rel=\"canonical\" href=\"https:\/\/www.wezen.com\/fr\/groupe-hygiene\/\" \/>\n<meta property=\"og:locale\" content=\"fr_FR\" \/>\n<meta property=\"og:type\" content=\"article\" \/>\n<meta property=\"og:title\" content=\"Groupe dans le secteur de l&#039;hygi\u00e8ne - Wezen | Multilingual Content Management\" \/>\n<meta property=\"og:description\" content=\"Comment une marque reconnue mondialement a r\u00e9ussi \u00e0 mobiliser des audiences locales sur 69 march\u00e9s \u00e0 travers le monde 2 millions de mots traduits en un anL&#8217;un des principaux groupes sp\u00e9cialis\u00e9 en hygi\u00e8ne au monde Previous Next L&#8217;un des des principaux groupes sp\u00e9cialis\u00e9s en hygi\u00e8ne au monde&nbsp;: Une v\u00e9ritable entreprise mondiale sp\u00e9cialis\u00e9e dans la production, [&hellip;]\" \/>\n<meta property=\"og:url\" content=\"https:\/\/www.wezen.com\/fr\/groupe-hygiene\/\" \/>\n<meta property=\"og:site_name\" content=\"Wezen | Multilingual Content Management\" \/>\n<meta property=\"article:modified_time\" content=\"2023-05-31T08:30:32+00:00\" \/>\n<meta property=\"og:image\" content=\"https:\/\/www.wezen.com\/wp-content\/uploads\/2021\/12\/WEZEN-12-21-HD-4.jpg\" \/>\n\t<meta property=\"og:image:width\" content=\"1920\" \/>\n\t<meta property=\"og:image:height\" content=\"1282\" \/>\n\t<meta property=\"og:image:type\" content=\"image\/jpeg\" \/>\n<meta name=\"twitter:label1\" content=\"Dur\u00e9e de lecture estim\u00e9e\" \/>\n\t<meta name=\"twitter:data1\" content=\"3 minutes\" \/>\n<script type=\"application\/ld+json\" class=\"yoast-schema-graph\">{\"@context\":\"https:\/\/schema.org\",\"@graph\":[{\"@type\":\"WebPage\",\"@id\":\"https:\/\/www.wezen.com\/fr\/groupe-hygiene\/\",\"url\":\"https:\/\/www.wezen.com\/fr\/groupe-hygiene\/\",\"name\":\"Groupe dans le secteur de l'hygi\u00e8ne - Wezen | Multilingual Content Management\",\"isPartOf\":{\"@id\":\"https:\/\/www.wezen.com\/fr\/#website\"},\"datePublished\":\"2022-09-06T16:02:59+00:00\",\"dateModified\":\"2023-05-31T08:30:32+00:00\",\"breadcrumb\":{\"@id\":\"https:\/\/www.wezen.com\/fr\/groupe-hygiene\/#breadcrumb\"},\"inLanguage\":\"fr-FR\",\"potentialAction\":[{\"@type\":\"ReadAction\",\"target\":[\"https:\/\/www.wezen.com\/fr\/groupe-hygiene\/\"]}]},{\"@type\":\"BreadcrumbList\",\"@id\":\"https:\/\/www.wezen.com\/fr\/groupe-hygiene\/#breadcrumb\",\"itemListElement\":[{\"@type\":\"ListItem\",\"position\":1,\"name\":\"Home\",\"item\":\"https:\/\/www.wezen.com\/fr\/\"},{\"@type\":\"ListItem\",\"position\":2,\"name\":\"Groupe dans le secteur de l&rsquo;hygi\u00e8ne\"}]},{\"@type\":\"WebSite\",\"@id\":\"https:\/\/www.wezen.com\/fr\/#website\",\"url\":\"https:\/\/www.wezen.com\/fr\/\",\"name\":\"Wezen | Multilingual Content Management\",\"description\":\"Wezen is a semantic asset manager that provides a multilingual content management to support your eCommerce with high quality, all language, translation services.\",\"publisher\":{\"@id\":\"https:\/\/www.wezen.com\/fr\/#organization\"},\"potentialAction\":[{\"@type\":\"SearchAction\",\"target\":{\"@type\":\"EntryPoint\",\"urlTemplate\":\"https:\/\/www.wezen.com\/fr\/?s={search_term_string}\"},\"query-input\":\"required name=search_term_string\"}],\"inLanguage\":\"fr-FR\"},{\"@type\":\"Organization\",\"@id\":\"https:\/\/www.wezen.com\/fr\/#organization\",\"name\":\"Wezen\",\"url\":\"https:\/\/www.wezen.com\/fr\/\",\"logo\":{\"@type\":\"ImageObject\",\"inLanguage\":\"fr-FR\",\"@id\":\"https:\/\/www.wezen.com\/fr\/#\/schema\/logo\/image\/\",\"url\":\"https:\/\/www.wezen.com\/wp-content\/uploads\/2022\/02\/blert.png\",\"contentUrl\":\"https:\/\/www.wezen.com\/wp-content\/uploads\/2022\/02\/blert.png\",\"width\":196,\"height\":207,\"caption\":\"Wezen\"},\"image\":{\"@id\":\"https:\/\/www.wezen.com\/fr\/#\/schema\/logo\/image\/\"},\"sameAs\":[\"https:\/\/www.linkedin.com\/company\/wezentech\/\",\"https:\/\/www.youtube.com\/channel\/UCex8ukUhgt87vNnzGvY--xw\"]}]}<\/script>\n<!-- \/ Yoast SEO plugin. -->","yoast_head_json":{"title":"Groupe dans le secteur de l'hygi\u00e8ne - Wezen | Multilingual Content Management","robots":{"index":"index","follow":"follow","max-snippet":"max-snippet:-1","max-image-preview":"max-image-preview:large","max-video-preview":"max-video-preview:-1"},"canonical":"https:\/\/www.wezen.com\/fr\/groupe-hygiene\/","og_locale":"fr_FR","og_type":"article","og_title":"Groupe dans le secteur de l'hygi\u00e8ne - Wezen | Multilingual Content Management","og_description":"Comment une marque reconnue mondialement a r\u00e9ussi \u00e0 mobiliser des audiences locales sur 69 march\u00e9s \u00e0 travers le monde 2 millions de mots traduits en un anL&#8217;un des principaux groupes sp\u00e9cialis\u00e9 en hygi\u00e8ne au monde Previous Next L&#8217;un des des principaux groupes sp\u00e9cialis\u00e9s en hygi\u00e8ne au monde&nbsp;: Une v\u00e9ritable entreprise mondiale sp\u00e9cialis\u00e9e dans la production, [&hellip;]","og_url":"https:\/\/www.wezen.com\/fr\/groupe-hygiene\/","og_site_name":"Wezen | Multilingual Content Management","article_modified_time":"2023-05-31T08:30:32+00:00","og_image":[{"width":1920,"height":1282,"url":"https:\/\/www.wezen.com\/wp-content\/uploads\/2021\/12\/WEZEN-12-21-HD-4.jpg","type":"image\/jpeg"}],"twitter_misc":{"Dur\u00e9e de lecture estim\u00e9e":"3 minutes"},"schema":{"@context":"https:\/\/schema.org","@graph":[{"@type":"WebPage","@id":"https:\/\/www.wezen.com\/fr\/groupe-hygiene\/","url":"https:\/\/www.wezen.com\/fr\/groupe-hygiene\/","name":"Groupe dans le secteur de l'hygi\u00e8ne - Wezen | Multilingual Content Management","isPartOf":{"@id":"https:\/\/www.wezen.com\/fr\/#website"},"datePublished":"2022-09-06T16:02:59+00:00","dateModified":"2023-05-31T08:30:32+00:00","breadcrumb":{"@id":"https:\/\/www.wezen.com\/fr\/groupe-hygiene\/#breadcrumb"},"inLanguage":"fr-FR","potentialAction":[{"@type":"ReadAction","target":["https:\/\/www.wezen.com\/fr\/groupe-hygiene\/"]}]},{"@type":"BreadcrumbList","@id":"https:\/\/www.wezen.com\/fr\/groupe-hygiene\/#breadcrumb","itemListElement":[{"@type":"ListItem","position":1,"name":"Home","item":"https:\/\/www.wezen.com\/fr\/"},{"@type":"ListItem","position":2,"name":"Groupe dans le secteur de l&rsquo;hygi\u00e8ne"}]},{"@type":"WebSite","@id":"https:\/\/www.wezen.com\/fr\/#website","url":"https:\/\/www.wezen.com\/fr\/","name":"Wezen | Multilingual Content Management","description":"Wezen is a semantic asset manager that provides a multilingual content management to support your eCommerce with high quality, all language, translation services.","publisher":{"@id":"https:\/\/www.wezen.com\/fr\/#organization"},"potentialAction":[{"@type":"SearchAction","target":{"@type":"EntryPoint","urlTemplate":"https:\/\/www.wezen.com\/fr\/?s={search_term_string}"},"query-input":"required name=search_term_string"}],"inLanguage":"fr-FR"},{"@type":"Organization","@id":"https:\/\/www.wezen.com\/fr\/#organization","name":"Wezen","url":"https:\/\/www.wezen.com\/fr\/","logo":{"@type":"ImageObject","inLanguage":"fr-FR","@id":"https:\/\/www.wezen.com\/fr\/#\/schema\/logo\/image\/","url":"https:\/\/www.wezen.com\/wp-content\/uploads\/2022\/02\/blert.png","contentUrl":"https:\/\/www.wezen.com\/wp-content\/uploads\/2022\/02\/blert.png","width":196,"height":207,"caption":"Wezen"},"image":{"@id":"https:\/\/www.wezen.com\/fr\/#\/schema\/logo\/image\/"},"sameAs":["https:\/\/www.linkedin.com\/company\/wezentech\/","https:\/\/www.youtube.com\/channel\/UCex8ukUhgt87vNnzGvY--xw"]}]}},"_links":{"self":[{"href":"https:\/\/www.wezen.com\/fr\/wp-json\/wp\/v2\/pages\/17621"}],"collection":[{"href":"https:\/\/www.wezen.com\/fr\/wp-json\/wp\/v2\/pages"}],"about":[{"href":"https:\/\/www.wezen.com\/fr\/wp-json\/wp\/v2\/types\/page"}],"author":[{"embeddable":true,"href":"https:\/\/www.wezen.com\/fr\/wp-json\/wp\/v2\/users\/2"}],"replies":[{"embeddable":true,"href":"https:\/\/www.wezen.com\/fr\/wp-json\/wp\/v2\/comments?post=17621"}],"version-history":[{"count":24,"href":"https:\/\/www.wezen.com\/fr\/wp-json\/wp\/v2\/pages\/17621\/revisions"}],"predecessor-version":[{"id":18818,"href":"https:\/\/www.wezen.com\/fr\/wp-json\/wp\/v2\/pages\/17621\/revisions\/18818"}],"wp:attachment":[{"href":"https:\/\/www.wezen.com\/fr\/wp-json\/wp\/v2\/media?parent=17621"}],"curies":[{"name":"wp","href":"https:\/\/api.w.org\/{rel}","templated":true}]}}